{"id":2,"date":"2026-04-11T19:08:17","date_gmt":"2026-04-11T19:08:17","guid":{"rendered":"http:\/\/mosquee-saint-jory-annour.fr\/?page_id=2"},"modified":"2026-04-11T21:03:08","modified_gmt":"2026-04-11T21:03:08","slug":"sample-page","status":"publish","type":"page","link":"https:\/\/mosquee-saint-jory-annour.fr\/","title":{"rendered":"\ud83d\udd4c Lieu de pri\u00e8re musulman de Saint-Jory"},"content":{"rendered":"\t\t<div data-elementor-type=\"wp-page\" data-elementor-id=\"2\" class=\"elementor elementor-2\">\n\t\t\t\t<div class=\"elementor-element elementor-element-1b680000 e-flex e-con-boxed e-con e-parent\" data-id=\"1b680000\" data-element_type=\"container\" data-e-type=\"container\">\n\t\t\t\t\t<div class=\"e-con-inner\">\n\t\t\t\t<div class=\"elementor-element elementor-element-338b9e94 elementor-widget elementor-widget-text-editor\" data-id=\"338b9e94\" data-element_type=\"widget\" data-e-type=\"widget\" data-widget_type=\"text-editor.default\">\n\t\t\t\t\t\t\t\t\t\n<p>Bienvenue sur le site officiel du projet de lieu de pri\u00e8re musulman de Saint-Jory. Ce projet a pour objectif de cr\u00e9er un espace ouvert, paisible et accessible \u00e0 tous, d\u00e9di\u00e9 \u00e0 la pri\u00e8re, \u00e0 la spiritualit\u00e9 et au vivre-ensemble.<\/p>\n\n<p>Ce futur lieu se veut un espace de recueillement, d&#8217;\u00e9change et de fraternit\u00e9, permettant aux fid\u00e8les de pratiquer leur religion dans le respect des valeurs de paix, de respect et de solidarit\u00e9. Il accueillera les pri\u00e8res quotidiennes, les c\u00e9l\u00e9brations religieuses ainsi que des activit\u00e9s \u00e9ducatives et culturelles destin\u00e9es \u00e0 toutes les g\u00e9n\u00e9rations.<\/p>\n\n<p>Au-del\u00e0 d\u2019un simple lieu de pri\u00e8re, ce projet ambitionne de renforcer les liens entre les habitants de Saint-Jory, de favoriser le dialogue et de contribuer positivement \u00e0 la vie locale. \ud83e\udd1d<\/p>\n\n<p>\u00c0 travers ce site, vous pourrez suivre l\u2019avancement du projet, d\u00e9couvrir les informations importantes, participer \u00e0 sa r\u00e9alisation et rejoindre une initiative port\u00e9e par des valeurs d\u2019unit\u00e9, de respect et de partage.<\/p>\n\n<p>Ensemble, construisons un lieu de paix, d\u2019accueil et de fraternit\u00e9 pour aujourd\u2019hui et pour les g\u00e9n\u00e9rations futures. \ud83c\udf3f<\/p>\n\t\t\t\t\t\t\t\t<\/div>\n\t\t\t\t\t<\/div>\n\t\t\t\t<\/div>\n\t\t<div class=\"elementor-element elementor-element-294127c e-flex e-con-boxed e-con e-parent\" data-id=\"294127c\" data-element_type=\"container\" data-e-type=\"container\">\n\t\t\t\t\t<div class=\"e-con-inner\">\n\t\t\t\t<div class=\"elementor-element elementor-element-375e2d8 e-con e-atomic-element e-div-block-base\" data-id=\"375e2d8\" data-element_type=\"e-div-block\" data-e-type=\"e-div-block\" data-interaction-id=\"375e2d8\">\n\t\t\t\t\t\t\t\t<p class=\"e-paragraph-base\" data-interaction-id=\"f7893b8\"  >\n\t\t\t\t\t\t\t\t\ud83c\udf3f Notre Vision  Cr\u00e9er un lieu : <br>\ud83d\udd4c Accueillant et accessible \u00e0 tous <br>\ud83e\udd1d Favorisant le respect et le vivre-ensemble <br>\ud83d\udcd6 D\u00e9di\u00e9 \u00e0 la pri\u00e8re et \u00e0 la spiritualit\u00e9 <br>\ud83c\udf0d Ouvert sur la vie locale et interg\u00e9n\u00e9rationnelle\n\t\t\t\t\t<\/p>\n\t\t\t\t<\/div>\n\t\t\t\t<div class=\"elementor-element elementor-element-39ebe4e e-con e-atomic-element e-div-block-base\" data-id=\"39ebe4e\" data-element_type=\"e-div-block\" data-e-type=\"e-div-block\" data-interaction-id=\"39ebe4e\">\n\t\t\t\t\t\t\t\t<p class=\"e-paragraph-base\" data-interaction-id=\"0c65ac4\"  >\n\t\t\t\t\t\t\t\t\ud83d\udea7 Un projet en construction<br>Ce projet est port\u00e9 par des habitants engag\u00e9s souhaitant offrir un espace adapt\u00e9 aux besoins des fid\u00e8les tout en contribuant positivement \u00e0 la vie de Saint-Jory.Suivez l\u2019avancement du projet et d\u00e9couvrez les prochaines \u00e9tapes.\n\t\t\t\t\t<\/p>\n\t\t\t\t<\/div>\n\t\t\t\t<div class=\"elementor-element elementor-element-8cc2a47 e-con e-atomic-element e-div-block-base\" data-id=\"8cc2a47\" data-element_type=\"e-div-block\" data-e-type=\"e-div-block\" data-interaction-id=\"8cc2a47\">\n\t\t\t\t\t\t\t\t<p class=\"e-paragraph-base\" data-interaction-id=\"a1fbaf0\"  >\n\t\t\t\t\t\t\t\t\u2764\ufe0f Participez au projet<br>Vous souhaitez contribuer \u00e0 la r\u00e9alisation de ce lieu ? <br>Faire un don <br>Devenir b\u00e9n\u00e9vole <br>Suivre l\u2019avancement <br>Nous contacter<br>Chaque soutien compte pour faire na\u00eetre ce projet. \ud83c\udf1f\n\t\t\t\t\t<\/p>\n\t\t\t\t<\/div>\n\t\t\t\t<div class=\"elementor-element elementor-element-72f2266 e-con e-atomic-element e-div-block-base\" data-id=\"72f2266\" data-element_type=\"e-div-block\" data-e-type=\"e-div-block\" data-interaction-id=\"72f2266\">\n\t\t\t\t\t\t\t\t<p class=\"e-paragraph-base\" data-interaction-id=\"8b36bf9\"  >\n\t\t\t\t\t\t\t\t\ud83d\udccd Ensemble, construisons un lieu de paix<br>Un lieu de pri\u00e8re, de partage et de fraternit\u00e9 pour aujourd\u2019hui et les g\u00e9n\u00e9rations futures.<br><strong>Rejoignez-nous dans cette belle initiative.<\/strong>\n\t\t\t\t\t<\/p>\n\t\t\t\t<\/div>\n\t\t\t\t\t<\/div>\n\t\t\t\t<\/div>\n\t\t\t\t<\/div>\n\t\t","protected":false},"excerpt":{"rendered":"<p>Bienvenue sur le site officiel du projet de lieu de pri\u00e8re musulman de Saint-Jory. Ce projet a pour objectif de cr\u00e9er un espace ouvert, paisible et accessible \u00e0 tous, d\u00e9di\u00e9 \u00e0 la pri\u00e8re, \u00e0 la spiritualit\u00e9 et au vivre-ensemble. Ce futur lieu se veut un espace de recueillement, d&#8217;\u00e9change et de fraternit\u00e9, permettant aux fid\u00e8les [&hellip;]<\/p>\n","protected":false},"author":1,"featured_media":0,"parent":0,"menu_order":0,"comment_status":"closed","ping_status":"open","template":"","meta":{"footnotes":""},"class_list":["post-2","page","type-page","status-publish","hentry"],"_links":{"self":[{"href":"https:\/\/mosquee-saint-jory-annour.fr\/index.php\/wp-json\/wp\/v2\/pages\/2","targetHints":{"allow":["GET"]}}],"collection":[{"href":"https:\/\/mosquee-saint-jory-annour.fr\/index.php\/wp-json\/wp\/v2\/pages"}],"about":[{"href":"https:\/\/mosquee-saint-jory-annour.fr\/index.php\/wp-json\/wp\/v2\/types\/page"}],"author":[{"embeddable":true,"href":"https:\/\/mosquee-saint-jory-annour.fr\/index.php\/wp-json\/wp\/v2\/users\/1"}],"replies":[{"embeddable":true,"href":"https:\/\/mosquee-saint-jory-annour.fr\/index.php\/wp-json\/wp\/v2\/comments?post=2"}],"version-history":[{"count":10,"href":"https:\/\/mosquee-saint-jory-annour.fr\/index.php\/wp-json\/wp\/v2\/pages\/2\/revisions"}],"predecessor-version":[{"id":40,"href":"https:\/\/mosquee-saint-jory-annour.fr\/index.php\/wp-json\/wp\/v2\/pages\/2\/revisions\/40"}],"wp:attachment":[{"href":"https:\/\/mosquee-saint-jory-annour.fr\/index.php\/wp-json\/wp\/v2\/media?parent=2"}],"curies":[{"name":"wp","href":"https:\/\/api.w.org\/{rel}","templated":true}]}}